{"id":132,"date":"2018-12-28T16:51:28","date_gmt":"2018-12-28T16:51:28","guid":{"rendered":"http:\/\/icom-slovakia.icom.cust.oxymium.net\/kto-sme\/icom-sk-board\/"},"modified":"2024-08-02T14:35:35","modified_gmt":"2024-08-02T14:35:35","slug":"icom-sk-board","status":"publish","type":"page","link":"https:\/\/icom-slovakia.mini.icom.museum\/en\/who-we-are\/icom-sk-board\/","title":{"rendered":"ICOM SK Board"},"content":{"rendered":"<div id=\"RTE_CONTENT\">\n<p><!--TYPO3SEARCH_begin--> <!-- CONTENT ELEMENT, uid:8588\/text [begin] --><\/p>\n<div id=\"c8588\">\n<p><!-- Header: [begin] --><\/p>\n<h2>Board Members 2024-2026<\/h2>\n<p><!-- Header: [end] --> <!-- Text: [begin] --><\/p>\n<p dir=\"auto\"><img loading=\"lazy\" decoding=\"async\" class=\"alignnone size-medium wp-image-1034\" src=\"https:\/\/icom-slovakia.mini.icom.museum\/wp-content\/uploads\/sites\/45\/2024\/07\/zasadnutie-icom-20240618-012-300x200.jpg\" alt=\"\" width=\"300\" height=\"200\" srcset=\"https:\/\/icom-slovakia.mini.icom.museum\/wp-content\/uploads\/sites\/45\/2024\/07\/zasadnutie-icom-20240618-012-300x200.jpg 300w, https:\/\/icom-slovakia.mini.icom.museum\/wp-content\/uploads\/sites\/45\/2024\/07\/zasadnutie-icom-20240618-012-1024x683.jpg 1024w, https:\/\/icom-slovakia.mini.icom.museum\/wp-content\/uploads\/sites\/45\/2024\/07\/zasadnutie-icom-20240618-012-768x512.jpg 768w, https:\/\/icom-slovakia.mini.icom.museum\/wp-content\/uploads\/sites\/45\/2024\/07\/zasadnutie-icom-20240618-012-1536x1024.jpg 1536w, https:\/\/icom-slovakia.mini.icom.museum\/wp-content\/uploads\/sites\/45\/2024\/07\/zasadnutie-icom-20240618-012-2048x1365.jpg 2048w\" sizes=\"auto, (max-width: 300px) 100vw, 300px\" \/><\/p>\n<p dir=\"auto\"><strong>PhDr. Margar\u00e9ta Musilov\u00e1\u00a0<\/strong><br \/>\nChairman<br \/>\nmargareta.musilova07@gmail.com<br \/>\n<img loading=\"lazy\" decoding=\"async\" class=\"alignnone size-medium wp-image-1036\" src=\"https:\/\/icom-slovakia.mini.icom.museum\/wp-content\/uploads\/sites\/45\/2024\/07\/novy-vybor-icom-20240618-006-200x300.jpg\" alt=\"\" width=\"200\" height=\"300\" srcset=\"https:\/\/icom-slovakia.mini.icom.museum\/wp-content\/uploads\/sites\/45\/2024\/07\/novy-vybor-icom-20240618-006-200x300.jpg 200w, https:\/\/icom-slovakia.mini.icom.museum\/wp-content\/uploads\/sites\/45\/2024\/07\/novy-vybor-icom-20240618-006-683x1024.jpg 683w, https:\/\/icom-slovakia.mini.icom.museum\/wp-content\/uploads\/sites\/45\/2024\/07\/novy-vybor-icom-20240618-006-768x1152.jpg 768w, https:\/\/icom-slovakia.mini.icom.museum\/wp-content\/uploads\/sites\/45\/2024\/07\/novy-vybor-icom-20240618-006-1024x1536.jpg 1024w, https:\/\/icom-slovakia.mini.icom.museum\/wp-content\/uploads\/sites\/45\/2024\/07\/novy-vybor-icom-20240618-006-1366x2048.jpg 1366w, https:\/\/icom-slovakia.mini.icom.museum\/wp-content\/uploads\/sites\/45\/2024\/07\/novy-vybor-icom-20240618-006-scaled.jpg 1707w\" sizes=\"auto, (max-width: 200px) 100vw, 200px\" \/><\/p>\n<div>\n<p dir=\"auto\"><strong>PhDr. Martin Hrubala, PhD.<\/strong><br \/>\nTreasurer<br \/>\nmartin.hrubala@muzeumpezinok.sk<\/p>\n<p dir=\"auto\"><img loading=\"lazy\" decoding=\"async\" class=\"alignnone size-medium wp-image-1038\" src=\"https:\/\/icom-slovakia.mini.icom.museum\/wp-content\/uploads\/sites\/45\/2024\/07\/novy-vybor-icom-20240618-010-200x300.jpg\" alt=\"\" width=\"200\" height=\"300\" srcset=\"https:\/\/icom-slovakia.mini.icom.museum\/wp-content\/uploads\/sites\/45\/2024\/07\/novy-vybor-icom-20240618-010-200x300.jpg 200w, https:\/\/icom-slovakia.mini.icom.museum\/wp-content\/uploads\/sites\/45\/2024\/07\/novy-vybor-icom-20240618-010-683x1024.jpg 683w, https:\/\/icom-slovakia.mini.icom.museum\/wp-content\/uploads\/sites\/45\/2024\/07\/novy-vybor-icom-20240618-010-768x1152.jpg 768w, https:\/\/icom-slovakia.mini.icom.museum\/wp-content\/uploads\/sites\/45\/2024\/07\/novy-vybor-icom-20240618-010-1024x1536.jpg 1024w, https:\/\/icom-slovakia.mini.icom.museum\/wp-content\/uploads\/sites\/45\/2024\/07\/novy-vybor-icom-20240618-010-1366x2048.jpg 1366w, https:\/\/icom-slovakia.mini.icom.museum\/wp-content\/uploads\/sites\/45\/2024\/07\/novy-vybor-icom-20240618-010-scaled.jpg 1707w\" sizes=\"auto, (max-width: 200px) 100vw, 200px\" \/><\/p>\n<\/div>\n<p dir=\"auto\"><strong>JUDr. Mgr. Tom\u00e1\u0161 Michal\u00edk, PhD.<br \/>\n<\/strong>Secretary<br \/>\ntomas.michalik@gmail.com<\/p>\n<p dir=\"auto\"><img loading=\"lazy\" decoding=\"async\" class=\"alignnone size-medium wp-image-1040\" src=\"https:\/\/icom-slovakia.mini.icom.museum\/wp-content\/uploads\/sites\/45\/2024\/07\/novy-vybor-icom-20240618-008-200x300.jpg\" alt=\"\" width=\"200\" height=\"300\" srcset=\"https:\/\/icom-slovakia.mini.icom.museum\/wp-content\/uploads\/sites\/45\/2024\/07\/novy-vybor-icom-20240618-008-200x300.jpg 200w, https:\/\/icom-slovakia.mini.icom.museum\/wp-content\/uploads\/sites\/45\/2024\/07\/novy-vybor-icom-20240618-008-683x1024.jpg 683w, https:\/\/icom-slovakia.mini.icom.museum\/wp-content\/uploads\/sites\/45\/2024\/07\/novy-vybor-icom-20240618-008-768x1152.jpg 768w, https:\/\/icom-slovakia.mini.icom.museum\/wp-content\/uploads\/sites\/45\/2024\/07\/novy-vybor-icom-20240618-008-1024x1536.jpg 1024w, https:\/\/icom-slovakia.mini.icom.museum\/wp-content\/uploads\/sites\/45\/2024\/07\/novy-vybor-icom-20240618-008-1366x2048.jpg 1366w, https:\/\/icom-slovakia.mini.icom.museum\/wp-content\/uploads\/sites\/45\/2024\/07\/novy-vybor-icom-20240618-008-scaled.jpg 1707w\" sizes=\"auto, (max-width: 200px) 100vw, 200px\" \/><\/p>\n<p id=\"c8588\"><strong>Mgr. Eva S. Kotl\u00e1rikov\u00e1<\/strong><br \/>\nBoard Member<br \/>\neva.kotlarikova@sng.sk<\/p>\n<p><img loading=\"lazy\" decoding=\"async\" class=\"alignnone size-medium wp-image-1042\" src=\"https:\/\/icom-slovakia.mini.icom.museum\/wp-content\/uploads\/sites\/45\/2024\/07\/novy-vybor-icom-20240618-004-200x300.jpg\" alt=\"\" width=\"200\" height=\"300\" srcset=\"https:\/\/icom-slovakia.mini.icom.museum\/wp-content\/uploads\/sites\/45\/2024\/07\/novy-vybor-icom-20240618-004-200x300.jpg 200w, https:\/\/icom-slovakia.mini.icom.museum\/wp-content\/uploads\/sites\/45\/2024\/07\/novy-vybor-icom-20240618-004-683x1024.jpg 683w, https:\/\/icom-slovakia.mini.icom.museum\/wp-content\/uploads\/sites\/45\/2024\/07\/novy-vybor-icom-20240618-004-768x1152.jpg 768w, https:\/\/icom-slovakia.mini.icom.museum\/wp-content\/uploads\/sites\/45\/2024\/07\/novy-vybor-icom-20240618-004-1024x1536.jpg 1024w, https:\/\/icom-slovakia.mini.icom.museum\/wp-content\/uploads\/sites\/45\/2024\/07\/novy-vybor-icom-20240618-004-1366x2048.jpg 1366w, https:\/\/icom-slovakia.mini.icom.museum\/wp-content\/uploads\/sites\/45\/2024\/07\/novy-vybor-icom-20240618-004-scaled.jpg 1707w\" sizes=\"auto, (max-width: 200px) 100vw, 200px\" \/><\/p>\n<p><strong>PhDr. Katar\u00edna B\u00e1ny\u00e1szov\u00e1<br \/>\n<\/strong>Board Member<br \/>\nkatarina.banyaszova@snm.sk<\/p>\n<p><img loading=\"lazy\" decoding=\"async\" class=\"alignnone size-medium wp-image-1044\" src=\"https:\/\/icom-slovakia.mini.icom.museum\/wp-content\/uploads\/sites\/45\/2024\/07\/novy-vybor-icom-20240618-002-200x300.jpg\" alt=\"\" width=\"200\" height=\"300\" srcset=\"https:\/\/icom-slovakia.mini.icom.museum\/wp-content\/uploads\/sites\/45\/2024\/07\/novy-vybor-icom-20240618-002-200x300.jpg 200w, https:\/\/icom-slovakia.mini.icom.museum\/wp-content\/uploads\/sites\/45\/2024\/07\/novy-vybor-icom-20240618-002-683x1024.jpg 683w, https:\/\/icom-slovakia.mini.icom.museum\/wp-content\/uploads\/sites\/45\/2024\/07\/novy-vybor-icom-20240618-002-768x1152.jpg 768w, https:\/\/icom-slovakia.mini.icom.museum\/wp-content\/uploads\/sites\/45\/2024\/07\/novy-vybor-icom-20240618-002-1024x1536.jpg 1024w, https:\/\/icom-slovakia.mini.icom.museum\/wp-content\/uploads\/sites\/45\/2024\/07\/novy-vybor-icom-20240618-002-1366x2048.jpg 1366w, https:\/\/icom-slovakia.mini.icom.museum\/wp-content\/uploads\/sites\/45\/2024\/07\/novy-vybor-icom-20240618-002-scaled.jpg 1707w\" sizes=\"auto, (max-width: 200px) 100vw, 200px\" \/><\/p>\n<p><!-- END: Content of extension \"hpo_relatedlink\", plugin \"tx_hporelatedlink_pi1\" --><\/p>\n<\/div>\n<p><!-- CONTENT ELEMENT, uid:8588\/text [end] --> <!--TYPO3SEARCH_end--><\/p>\n<\/div>\n","protected":false},"excerpt":{"rendered":"<p>Board Members 2024-2026 PhDr. Margar\u00e9ta Musilov\u00e1\u00a0 Chairman margareta.musilova07@gmail.com PhDr. Martin Hrubala, PhD. Treasurer martin.hrubala@muzeumpezinok.sk JUDr. Mgr. Tom\u00e1\u0161 Michal\u00edk, PhD. Secretary tomas.michalik@gmail.com Mgr. Eva S. Kotl\u00e1rikov\u00e1 Board Member eva.kotlarikova@sng.sk PhDr. Katar\u00edna B\u00e1ny\u00e1szov\u00e1 Board Member katarina.banyaszova@snm.sk<\/p>\n","protected":false},"author":1,"featured_media":0,"parent":116,"menu_order":2,"comment_status":"closed","ping_status":"closed","template":"","meta":{"footnotes":""},"yst_prominent_words":[],"class_list":["post-132","page","type-page","status-publish","hentry"],"acf":[],"_links":{"self":[{"href":"https:\/\/icom-slovakia.mini.icom.museum\/en\/wp-json\/wp\/v2\/pages\/132","targetHints":{"allow":["GET"]}}],"collection":[{"href":"https:\/\/icom-slovakia.mini.icom.museum\/en\/wp-json\/wp\/v2\/pages"}],"about":[{"href":"https:\/\/icom-slovakia.mini.icom.museum\/en\/wp-json\/wp\/v2\/types\/page"}],"author":[{"embeddable":true,"href":"https:\/\/icom-slovakia.mini.icom.museum\/en\/wp-json\/wp\/v2\/users\/1"}],"replies":[{"embeddable":true,"href":"https:\/\/icom-slovakia.mini.icom.museum\/en\/wp-json\/wp\/v2\/comments?post=132"}],"version-history":[{"count":4,"href":"https:\/\/icom-slovakia.mini.icom.museum\/en\/wp-json\/wp\/v2\/pages\/132\/revisions"}],"predecessor-version":[{"id":1076,"href":"https:\/\/icom-slovakia.mini.icom.museum\/en\/wp-json\/wp\/v2\/pages\/132\/revisions\/1076"}],"up":[{"embeddable":true,"href":"https:\/\/icom-slovakia.mini.icom.museum\/en\/wp-json\/wp\/v2\/pages\/116"}],"wp:attachment":[{"href":"https:\/\/icom-slovakia.mini.icom.museum\/en\/wp-json\/wp\/v2\/media?parent=132"}],"wp:term":[{"taxonomy":"yst_prominent_words","embeddable":true,"href":"https:\/\/icom-slovakia.mini.icom.museum\/en\/wp-json\/wp\/v2\/yst_prominent_words?post=132"}],"curies":[{"name":"wp","href":"https:\/\/api.w.org\/{rel}","templated":true}]}}