{"id":101,"date":"2018-12-17T14:42:23","date_gmt":"2018-12-17T14:42:23","guid":{"rendered":"http:\/\/icom-slovakia.mini.icom.museum\/?page_id=101"},"modified":"2024-08-02T14:28:08","modified_gmt":"2024-08-02T14:28:08","slug":"contact","status":"publish","type":"page","link":"https:\/\/icom-slovakia.mini.icom.museum\/en\/contact\/","title":{"rendered":"Contact"},"content":{"rendered":"<h3 class=\"LC20lb MBeuO DKV0Md\">ICOM National Committee Slovakia<\/h3>\n<p>Main Office:<br \/>\n<a href=\"https:\/\/www.sng.sk\/sk\/bratislava\/navsteva\/kde-nas-najdete\/administrativa\">Slovensk\u00e1 n\u00e1rodn\u00e1 gal\u00e9ria, Rie\u010dna 1, 815 13, Bratislava<\/a><\/p>\n<p>postal address:<\/p>\n<p>ICOM Slovensko<br \/>\nSNG, Rie\u010dna 1<br \/>\n815 13 Bratislava 1<\/p>\n<p>E-mail:\u00a0<a href=\"mailto:icom.slovensko@gmail.com\">icom.slovensko@gmail.com<\/a><\/p>\n","protected":false},"excerpt":{"rendered":"<p>ICOM National Committee Slovakia Main Office: Slovensk\u00e1 n\u00e1rodn\u00e1 gal\u00e9ria, Rie\u010dna 1, 815 13, Bratislava postal address: ICOM Slovensko SNG, Rie\u010dna 1 815 13 Bratislava 1 E-mail:\u00a0icom.slovensko@gmail.com<\/p>\n","protected":false},"author":1,"featured_media":0,"parent":0,"menu_order":0,"comment_status":"closed","ping_status":"closed","template":"","meta":{"footnotes":""},"yst_prominent_words":[],"class_list":["post-101","page","type-page","status-publish","hentry"],"acf":[],"_links":{"self":[{"href":"https:\/\/icom-slovakia.mini.icom.museum\/en\/wp-json\/wp\/v2\/pages\/101","targetHints":{"allow":["GET"]}}],"collection":[{"href":"https:\/\/icom-slovakia.mini.icom.museum\/en\/wp-json\/wp\/v2\/pages"}],"about":[{"href":"https:\/\/icom-slovakia.mini.icom.museum\/en\/wp-json\/wp\/v2\/types\/page"}],"author":[{"embeddable":true,"href":"https:\/\/icom-slovakia.mini.icom.museum\/en\/wp-json\/wp\/v2\/users\/1"}],"replies":[{"embeddable":true,"href":"https:\/\/icom-slovakia.mini.icom.museum\/en\/wp-json\/wp\/v2\/comments?post=101"}],"version-history":[{"count":3,"href":"https:\/\/icom-slovakia.mini.icom.museum\/en\/wp-json\/wp\/v2\/pages\/101\/revisions"}],"predecessor-version":[{"id":1073,"href":"https:\/\/icom-slovakia.mini.icom.museum\/en\/wp-json\/wp\/v2\/pages\/101\/revisions\/1073"}],"wp:attachment":[{"href":"https:\/\/icom-slovakia.mini.icom.museum\/en\/wp-json\/wp\/v2\/media?parent=101"}],"wp:term":[{"taxonomy":"yst_prominent_words","embeddable":true,"href":"https:\/\/icom-slovakia.mini.icom.museum\/en\/wp-json\/wp\/v2\/yst_prominent_words?post=101"}],"curies":[{"name":"wp","href":"https:\/\/api.w.org\/{rel}","templated":true}]}}